{"id":66,"date":"2021-05-10T17:13:30","date_gmt":"2021-05-10T17:13:30","guid":{"rendered":"https:\/\/ulfgyllenhak.se\/?page_id=66"},"modified":"2021-05-14T05:31:06","modified_gmt":"2021-05-14T05:31:06","slug":"egna-bocker","status":"publish","type":"page","link":"https:\/\/ulfgyllenhak.se\/index.php\/egna-bocker\/","title":{"rendered":"Egna b\u00f6cker"},"content":{"rendered":"\n<p>*Ulf Gyllenhak: \u00c4nnu en s\u00f6nderslagen tand i ditt leende, 1976, Bokf\u00f6rlaget i G\u00f6teborg.  Diktsamling<\/p>\n\n\n\n<p>*Ulf Gyllenhak: Odjuret, 1984, Fripress. Roman<\/p>\n\n\n\n<p>*Ulf Gyllenhak: Tittsk\u00e5pet, 1985, Fripress.  Roman. \u00d6versatt till norska och danska.<\/p>\n\n\n\n<p>*Ulf Gyllenhak: Inlandet, 1987, Fripress.  Roman <\/p>\n\n\n\n<p>*Ulf Gyllenhak: Det norra m\u00f6rkret, 1989, Fripress.  Roman <\/p>\n\n\n\n<p>*Ulf Gyllenhak: Var \u00e4r pappa?, 1993, Natur &amp; Kultur.  Roman. \u00d6versatt till rum\u00e4nska. <\/p>\n\n\n\n<p>*Ulf Gyllenhak: Rubina och kanoten, 1999, Alfabeta. Ungdomsroman<\/p>\n\n\n\n<p>*Ulf Gyllenhak: Rubina och det hemliga folket, 2000, Alfabeta. Ungdomsroman<\/p>\n\n\n\n<p>*Ulf Gyllenhak: Rubina och resan hem, 2001, Alfabeta. Ungdomsroman<\/p>\n","protected":false},"excerpt":{"rendered":"<p>*Ulf Gyllenhak: \u00c4nnu en s\u00f6nderslagen tand i ditt leende, 1976, Bokf\u00f6rlaget i G\u00f6teborg. Diktsamling *Ulf Gyllenhak: Odjuret, 1984, Fripress. Roman *Ulf Gyllenhak: Tittsk\u00e5pet, 1985, Fripress. Roman. \u00d6versatt till norska och danska. *Ulf Gyllenhak: Inlandet, 1987, Fripress. Roman *Ulf Gyllenhak: Det norra m\u00f6rkret, 1989, Fripress. Roman *Ulf Gyllenhak: Var \u00e4r pappa?, 1993, Natur &amp; Kultur. Roman. &hellip; <\/p>\n<p class=\"link-more\"><a href=\"https:\/\/ulfgyllenhak.se\/index.php\/egna-bocker\/\" class=\"more-link\">Continue reading<span class=\"screen-reader-text\"> &#8220;Egna b\u00f6cker&#8221;<\/span><\/a><\/p>\n","protected":false},"author":1,"featured_media":0,"parent":0,"menu_order":0,"comment_status":"closed","ping_status":"closed","template":"","meta":{"footnotes":""},"class_list":["post-66","page","type-page","status-publish","hentry"],"_links":{"self":[{"href":"https:\/\/ulfgyllenhak.se\/index.php\/wp-json\/wp\/v2\/pages\/66","targetHints":{"allow":["GET"]}}],"collection":[{"href":"https:\/\/ulfgyllenhak.se\/index.php\/wp-json\/wp\/v2\/pages"}],"about":[{"href":"https:\/\/ulfgyllenhak.se\/index.php\/wp-json\/wp\/v2\/types\/page"}],"author":[{"embeddable":true,"href":"https:\/\/ulfgyllenhak.se\/index.php\/wp-json\/wp\/v2\/users\/1"}],"replies":[{"embeddable":true,"href":"https:\/\/ulfgyllenhak.se\/index.php\/wp-json\/wp\/v2\/comments?post=66"}],"version-history":[{"count":4,"href":"https:\/\/ulfgyllenhak.se\/index.php\/wp-json\/wp\/v2\/pages\/66\/revisions"}],"predecessor-version":[{"id":79,"href":"https:\/\/ulfgyllenhak.se\/index.php\/wp-json\/wp\/v2\/pages\/66\/revisions\/79"}],"wp:attachment":[{"href":"https:\/\/ulfgyllenhak.se\/index.php\/wp-json\/wp\/v2\/media?parent=66"}],"curies":[{"name":"wp","href":"https:\/\/api.w.org\/{rel}","templated":true}]}}