{"id":38,"date":"2019-07-13T16:41:40","date_gmt":"2019-07-13T16:41:40","guid":{"rendered":"https:\/\/ulfgyllenhak.se\/?page_id=38"},"modified":"2021-05-16T15:04:31","modified_gmt":"2021-05-16T15:04:31","slug":"betraktelser","status":"publish","type":"page","link":"https:\/\/ulfgyllenhak.se\/index.php\/betraktelser\/","title":{"rendered":"Betraktelser"},"content":{"rendered":"\n<p class=\"has-medium-font-size\"><strong>Res\u00f6 1968<\/strong><\/p>\n\n\n\n<p>Det  h\u00e4r \u00e4r en bild av min kusin Ola Oljelund och mig i en liten vik  vid   \u00f6n  Bissen utanf\u00f6r Res\u00f6 i norra Bohusl\u00e4n sommaren 1968. Vi \u00e4r tio  \u00e5r.   Det \u00e4r  Ola som sitter i den v\u00e4nstra kajaken och jag som sitter i  den   h\u00f6gra.  F\u00e5ren p\u00e5 sluttningen var alltid lika sn\u00e4lla men lite  skygga. Det   h\u00e4r var  p\u00e5 den tiden innan varje \u00f6gonblick i livet  fotograferades.  Men  jag  minns den d\u00e4r dagen tydligt. Ni andra f\u00e5r  f\u00f6rest\u00e4lla er den.   <\/p>\n","protected":false},"excerpt":{"rendered":"<p>Res\u00f6 1968 Det h\u00e4r \u00e4r en bild av min kusin Ola Oljelund och mig i en liten vik vid \u00f6n Bissen utanf\u00f6r Res\u00f6 i norra Bohusl\u00e4n sommaren 1968. Vi \u00e4r tio \u00e5r. Det \u00e4r Ola som sitter i den v\u00e4nstra kajaken och jag som sitter i den h\u00f6gra. F\u00e5ren p\u00e5 sluttningen var alltid lika sn\u00e4lla &hellip; <\/p>\n<p class=\"link-more\"><a href=\"https:\/\/ulfgyllenhak.se\/index.php\/betraktelser\/\" class=\"more-link\">Continue reading<span class=\"screen-reader-text\"> &#8220;Betraktelser&#8221;<\/span><\/a><\/p>\n","protected":false},"author":1,"featured_media":0,"parent":0,"menu_order":0,"comment_status":"closed","ping_status":"closed","template":"","meta":{"footnotes":""},"class_list":["post-38","page","type-page","status-publish","hentry"],"_links":{"self":[{"href":"https:\/\/ulfgyllenhak.se\/index.php\/wp-json\/wp\/v2\/pages\/38","targetHints":{"allow":["GET"]}}],"collection":[{"href":"https:\/\/ulfgyllenhak.se\/index.php\/wp-json\/wp\/v2\/pages"}],"about":[{"href":"https:\/\/ulfgyllenhak.se\/index.php\/wp-json\/wp\/v2\/types\/page"}],"author":[{"embeddable":true,"href":"https:\/\/ulfgyllenhak.se\/index.php\/wp-json\/wp\/v2\/users\/1"}],"replies":[{"embeddable":true,"href":"https:\/\/ulfgyllenhak.se\/index.php\/wp-json\/wp\/v2\/comments?post=38"}],"version-history":[{"count":3,"href":"https:\/\/ulfgyllenhak.se\/index.php\/wp-json\/wp\/v2\/pages\/38\/revisions"}],"predecessor-version":[{"id":86,"href":"https:\/\/ulfgyllenhak.se\/index.php\/wp-json\/wp\/v2\/pages\/38\/revisions\/86"}],"wp:attachment":[{"href":"https:\/\/ulfgyllenhak.se\/index.php\/wp-json\/wp\/v2\/media?parent=38"}],"curies":[{"name":"wp","href":"https:\/\/api.w.org\/{rel}","templated":true}]}}