{"id":30,"date":"2019-07-09T18:09:50","date_gmt":"2019-07-09T18:09:50","guid":{"rendered":"https:\/\/ulfgyllenhak.se\/?page_id=30"},"modified":"2021-05-15T14:08:30","modified_gmt":"2021-05-15T14:08:30","slug":"oversattningar","status":"publish","type":"page","link":"https:\/\/ulfgyllenhak.se\/index.php\/oversattningar\/","title":{"rendered":"\u00d6vers\u00e4ttningar"},"content":{"rendered":"\n<p>Jag slutade \u00f6vers\u00e4tta 2015 f\u00f6r att i st\u00e4llet \u00e4gna mig \u00e5t den byggnadsv\u00e5rdsbutik min hustru och jag startade 2008. Det ska oerh\u00f6rt mycket till f\u00f6r att jag skulle f\u00e5 f\u00f6r mig att \u00e4n en g\u00e5ng begrava mig i en text med avsikt att \u00f6vers\u00e4tta den till svenska. Men det \u00e4r kanske inte s\u00e5 konstigt, jag \u00f6versatte ett stort antal b\u00f6cker mellan \u00e5ren 1982 och 2015, fr\u00e4mst fr\u00e5n engelska men \u00e4ven fr\u00e5n franska och norska.<\/p>\n\n\n\n<p>\u00d6VERS\u00c4TTNINGAR:\n<br>\ns = sk\u00f6nlitteratur<br>\nf = facklitteratur<br>\nu = ungdomslitteratur<\/p>\n\n\n\n<p><strong>S<\/strong> Alexander\nBerkman: Farv\u00e4l Aleck &#8211; en anarkists f\u00e4ngelseminnen, memoarer, Federativs, 1982\n(fr\u00e5n engelska). \u00d6vers\u00e4ttning samt efterord. <\/p>\n\n\n\n<p><strong>F<\/strong>\nCharles Fourier: Slaget om de sm\u00e5 pastejerna, ess\u00e4er, Federativs, 1983 (fr\u00e5n\nfranska). <\/p>\n\n\n\n<p><strong>S\/F<\/strong>\nJoan Didion: Salvador, rapportbok, Wahlstr\u00f6m &amp; Widstrand, 1983 (fr\u00e5n\nengelska).<\/p>\n\n\n\n<p><strong>F<\/strong>\nRobert Darnton: Boken i r\u00e4nnstenen, ess\u00e4er, Ordfront, 1984 (fr\u00e5n engelska).<\/p>\n\n\n\n<p><strong>F<\/strong>\nJan Nowak: Kurir fr\u00e5n Warszawa, memoarer, Carlssons, 1986 (fr\u00e5n franska).\n\u00d6vers\u00e4ttningen gjord tillsammans med Ann Gillberg.<\/p>\n\n\n\n<p><strong>S<\/strong>\nJohn David Morley: Bilder fr\u00e5n den flytande v\u00e4rlden, roman, Forum, 1986 (fr\u00e5n\nengelska). \u00d6vers\u00e4ttningen gjord tillsammans med Ann Gillberg.<\/p>\n\n\n\n<p><strong>S\/F <\/strong>Andr\u00e9\nBrink: Att trotsa tystnaden, ess\u00e4er, Forum, 1987 (fr\u00e5n engelska).\n\u00d6vers\u00e4ttningen gjord tillsammans med Ann Gillberg.<\/p>\n\n\n\n<p><strong>S<\/strong>\nYokio Mishima: Demaskering, roman, Schultz, 1987 (fr\u00e5n engelska). \u00d6vers\u00e4ttning\nsamt efterord.<\/p>\n\n\n\n<p><strong>F <\/strong>Stephen\nVizcency: Sanning och l\u00f6gn i litteraturen, ess\u00e4er, Forum, 1988 (fr\u00e5n engelska).\n\u00d6vers\u00e4ttning samt f\u00f6rord<\/p>\n\n\n\n<p><strong>S<\/strong>\nDavid Foster Wallace: Systemets sopkvast, roman, Legenda,&nbsp; 1989 (fr\u00e5n engelska). <\/p>\n\n\n\n<p><strong>S<\/strong>\nChristopher Nolan: Under klockans \u00f6ga, roman, Forum, 1989 (fr\u00e5n engelska). \u00c4ven\nutgiven som M\u00e5npocket. <\/p>\n\n\n\n<p><strong>F <\/strong>Helen\nEpstein: De \u00f6verlevandes barn, intervjubok, Natur &amp; Kultur, 1990 (fr\u00e5n\nengelska). <\/p>\n\n\n\n<p><strong>S<\/strong>\nJoe Keenan: Bl\u00e5 himmel, roman, Legenda, 1989 (fr\u00e5n engelska).<\/p>\n\n\n\n<p><strong>S<\/strong>\nThomas Maxwell: Saberdenes variationer, thriller, Bra B\u00f6cker, 1990 (fr\u00e5n\nengelska). <\/p>\n\n\n\n<p><strong>S<\/strong>\nRian Malan: Mitt f\u00f6rr\u00e4diska hj\u00e4rta, roman, Forum, 1990 (fr\u00e5n engelska).<\/p>\n\n\n\n<p><strong>S<\/strong>\nJack Vance: Stygge Ronald, roman, Bra B\u00f6cker, 1990 (fr\u00e5n engelska).<\/p>\n\n\n\n<p><strong>S<\/strong>\nChenjerai Hove: Ben, roman, Legenda, 1991, 155 sidor (fr\u00e5n engelska).<\/p>\n\n\n\n<p><strong>S<\/strong>\nJulian Barnes: V\u00e4rldshistorien i tio och ett halvt kapitel, roman, Forum, 1991\n(fr\u00e5n engelska). \u00c4ven utgiven som M\u00e5npocket.<\/p>\n\n\n\n<p><strong>S<\/strong>\nJames Ellroy: Den svarta dahlian, thriller, Bra B\u00f6cker, 1991 (fr\u00e5n engelska).\n\u00c4ven i pocket p\u00e5 Bra B\u00f6cker.<\/p>\n\n\n\n<p><strong>F<\/strong>\nEthel Spector Person: Dr\u00f6mmar om k\u00e4rlek, ess\u00e4er, Forum, 1991 (fr\u00e5n engelska).<\/p>\n\n\n\n<p><strong>S<\/strong>\nStephen King: Mardr\u00f6mmar, thriller, Legenda, 1991 (fr\u00e5n engelska).<\/p>\n\n\n\n<p><strong>S<\/strong>\nPatrick McGrath: Den groteske, thriller, Bra B\u00f6cker, 1991 (fr\u00e5n engelska).<\/p>\n\n\n\n<p><strong>S<\/strong>\nTony Hillerman: Coyoten v\u00e4ntar, thriller, Legenda, 1991 (fr\u00e5n engelska).<\/p>\n\n\n\n<p><strong>S<\/strong>\nLawrence Thornton: Timmarna med Lorca, roman, Forum (fr\u00e5n engelska).<\/p>\n\n\n\n<p><strong>S<\/strong>\nTony Hillerman: Odjuret, thriller, Legenda, 1992, 232 sidor (fr\u00e5n engelska).<\/p>\n\n\n\n<p><strong>S<\/strong>\nJulian Rathbone: Farligt spel, thriller, Legenda, 1992, 344 sidor (fr\u00e5n\nengelska)<\/p>\n\n\n\n<p><strong>S<\/strong>\nRobert Parker: Tidig h\u00f6st, thriller, Tidens f\u00f6rlag, 1992 (fr\u00e5n engelska).<\/p>\n\n\n\n<p><strong>S<\/strong>\nChristopher Andersson: Madonna, biografi, Forum, 1992 (fr\u00e5n engelska).<\/p>\n\n\n\n<p><strong>F<\/strong>\nRhona Newman: 100 Franska r\u00e4tter, 1993 (fr\u00e5n engelska)<\/p>\n\n\n\n<p><strong>S<\/strong>\nStuart Woods: D\u00f6den i New York, thriller, Tidens f\u00f6rlag, 1993 (fr\u00e5n engelska).<\/p>\n\n\n\n<p><strong>S<\/strong>\nMichael Dibdin: Kabal, thriller, Legenda, 313 sidor, 1994 (fr\u00e5n engelska).<\/p>\n\n\n\n<p><strong>F<\/strong>\nMaureen Callis: 100 Kinesiska r\u00e4tter, 1994,Wahlstr\u00f6ms (fr\u00e5n engelska)<\/p>\n\n\n\n<p><strong>S<\/strong>\nBernard Werber: Myrorna, roman, Forum, 1995 (fr\u00e5n franska).<\/p>\n\n\n\n<p><strong>S<\/strong>\nJulia Kristeva: Den gamle och vargarna, roman, Natur &amp; Kultur,&nbsp; 1994 (fr\u00e5n franska).<\/p>\n\n\n\n<p><strong>S<\/strong>\nJoseph Finder: Hj\u00e4rnspionen, Wahlstr\u00f6ms, 1996 (fr\u00e5n engelska).<\/p>\n\n\n\n<p><strong>F<\/strong>\nNorman Joplin: Leksakssoldater, K\u00f6nemann, 1999 (fr\u00e5n engelska)<\/p>\n\n\n\n<p><strong>F<\/strong>\nDen kompletta handboken om skalbaggar, K\u00f6nemann, 1999 (fr\u00e5n engelska)<\/p>\n\n\n\n<p><strong>S<\/strong>\nSara Harris &amp; Barbara Mosallai Bell: P\u00e5f\u00e5gelsprinsessan, Asschenfeldts\nF\u00f6rlag, 1999 (fr\u00e5n engelska)<\/p>\n\n\n\n<p><strong>F<\/strong>\nLe Cordon Bleu: Franska specialiteter, K\u00f6nemann, 1999 (fr\u00e5n engelska)<\/p>\n\n\n\n<p><strong>F<\/strong>\nLe Cordon Bleu: Grytor, K\u00f6nemans, 1999 (fr\u00e5n engelska)<\/p>\n\n\n\n<p><strong>F<\/strong>\nLe Cordon Bleu: Italienska specialiteter, K\u00f6nemans, 1999 (fr\u00e5n engelska)<\/p>\n\n\n\n<p><strong>F<\/strong>&nbsp; Anne Wilson: Klassiska puddingar. Kokbok fr\u00e5n\nengelska, 1999<\/p>\n\n\n\n<p><strong>F<\/strong>\nBrian Richards: Malta, reseguide i karta i kapsel, L\u00e4sf\u00f6rlaget AB, 140 sidor,\n1999<\/p>\n\n\n\n<p><strong>F<\/strong>&nbsp; Hazel Harrison: Pastellskolan, handbok i\npastellm\u00e5lning, fr\u00e5n engelska, K\u00f6nemann.<\/p>\n\n\n\n<p><strong>F<\/strong>\nNick Yapp: London, kultur och reseguide, fr\u00e5n engelska, K\u00f6nemann.<\/p>\n\n\n\n<p><strong>S<\/strong>\nHelen Prejean: Dead Man Walking, roman, fr\u00e5n engelska, Asschenfeldts F\u00f6rlag,\n1999<\/p>\n\n\n\n<p><strong>F<\/strong>\nBotanica. \u00d6vers\u00e4ttningen gjord tillsammans med Ann-Sofie Gyllenhak, K\u00f6nemann,\n2000<\/p>\n\n\n\n<p><strong>F<\/strong>\nAniko Gergely: Ungerska specialiteter kokbok. \u00d6vers\u00e4ttningen gjord tillsammans\nmed Ann-Sofie Gyllenhak (fr\u00e5n engelska) K\u00f6nemann, 2000<\/p>\n\n\n\n<p><strong>F<\/strong>\nRosemary Parkinson: Karibiska specialiteter, kokbok. \u00d6vers\u00e4ttningen gjord\ntillsammans med Ann-Sofie Gyllenhak (fr\u00e5n engelska) K\u00f6nemann, 2000<\/p>\n\n\n\n<p><strong>F<\/strong>\nJulie Collins: Klassiska b\u00e5rder (fr\u00e5n engelska) K\u00f6nemann, 2000<\/p>\n\n\n\n<p><strong>F<\/strong>\nKatrina Hall: Frukt och blommor (fr\u00e5n engelska) K\u00f6nemann, 2000<\/p>\n\n\n\n<p><strong>F<\/strong>\nMaggie Philo: Traditionella b\u00e5rder (fr\u00e5n engelska) K\u00f6nemann, 2000<\/p>\n\n\n\n<p><strong>F<\/strong>\nKatrina Hall: Amerikansk allmogekonst (fr\u00e5n engelska) K\u00f6nemann, 2000<\/p>\n\n\n\n<p><strong>S<\/strong>\nDennis Lehane: Svart n\u00e5d, thriller, Albert Bonniers f\u00f6rlag, (fr\u00e5n engelska),\n2000.<\/p>\n\n\n\n<p><strong>F<\/strong>\nRosalind Mowe: Sydostasiatiska specialiteter, kokbok, (fr\u00e5n engelska)\nK\u00f6nemanns, 2000<\/p>\n\n\n\n<p><strong>S <\/strong>Gary\nBraver: Elixir, (fr\u00e5n engelska) thriller, Richters f\u00f6rlag, 2001 <\/p>\n\n\n\n<p><strong>S <\/strong>Hector\nMacdonald: Spelet, (fr\u00e5n engelska) thriller, Albert Bonniers f\u00f6rlag, 2001.<\/p>\n\n\n\n<p><strong>S <\/strong>Dave\nPelzer: Pojken som kallades det, barndomsskildring, (fr\u00e5n engelska), Forum,\n2001<\/p>\n\n\n\n<p><strong>U <\/strong>Simon\nLesley\/Colin King: Spionboken, ungdomsbok, Alfabeta, 2000.<\/p>\n\n\n\n<p><strong>S<\/strong> Martin Page: Om konsten att bli dum, Isell &amp; Jinert Bokf\u00f6rlag, 2001 (fr\u00e5n franska)<\/p>\n\n\n\n<p><strong>S<\/strong> Gillian Cross: Samtal till en d\u00f6d man, Alfabeta 2001<\/p>\n\n\n\n<p><strong>S<\/strong> Dennis Lehane: R\u00f6tt regn, Bonniers, 2001<\/p>\n\n\n\n<p>S\nKristin Valla: Muskot, Forum, 2001 (fr\u00e5n norska)<\/p>\n\n\n\n<p>S\nDave Pelzer: Pojken som kallades det, Forum 2001<\/p>\n\n\n\n<p>S\nRani Manicka: Rismodern, roman fr\u00e5n engelska, Wahlstr\u00f6m &amp; Widstrand, 2004<\/p>\n\n\n\n<p>F\nGitta Sereny; Tyskt trauma, Ordfront, 2002<\/p>\n\n\n\n<p>S\nLeif Enger: Jublen nu, f\u00f6tter mina (\u00f6vers\u00e4ttning gjord tillsammans med Kjell\nWaltman), Richters, 2002<\/p>\n\n\n\n<p>S\nUgo DiFonte: Avsmakaren, Forum, 2002<\/p>\n\n\n\n<p>S\nDave Pelzer: Pojken som \u00f6verlevde, Forum 2002<\/p>\n\n\n\n<p>S\nDave Pelzer: Pojken som inte fanns, Forum 2002<\/p>\n\n\n\n<p>F\nAntony Beevor: Berlin, Slutstriden 1945, Historiska Media, 2002<\/p>\n\n\n\n<p>S\nRobert Wilson: I fr\u00e4mlingars s\u00e4llskap, Forum, 2002<\/p>\n\n\n\n<p>F Sheree Conrad &amp; Michael Milburn: Smart sex,\nRichters, 2002<\/p>\n\n\n\n<p>F\nGeorge Drower: Tr\u00e4dg\u00e5rdens m\u00e4stare, Historiska Media, 2002<\/p>\n\n\n\n<p>S Giles Blunt: Fruset offer, thriller, Bonniers, 2003<\/p>\n\n\n\n<p>S\nDennis Lehane: Patient 67, Bonniers, 2003<\/p>\n\n\n\n<p>S\nMinette Walters: D\u00f6dlig list, (\u00f6vers\u00e4ttning tillsammans med Ann-Sofie\nGyllenhak), Bonniers, 2003<\/p>\n\n\n\n<p>F\nJohn Charles Chasteen, Latinamerikas historia, Historiska Media, 2003<\/p>\n\n\n\n<p>F\nJ. F. C. Fuller: De avg\u00f6rande slagen, del IV, Historiska Media, 2003<\/p>\n\n\n\n<p>S\nPhilip Simmons: F\u00e5nga dagen, Forum 2003<\/p>\n\n\n\n<p>F\nJoyce Carol Oates \u2013 Samtal med Stig Bj\u00f6rkman, (\u00f6vers\u00e4ttning av intervjudelen\ntillsammans med Ann-Sofie Gyllenhak och Gabriel Setterborg), Alfabeta Anamma,\n2003<\/p>\n\n\n\n<p>F\nMichael Moore: Korkade vita m\u00e4n, Ordfront 2003<\/p>\n\n\n\n<p>F\nEric Hansen: Orkid\u00e9feber, 2003<\/p>\n\n\n\n<p>S\nJohn Grisham: Coachen, roman fr\u00e5n engelska (tillsammans med Ann-Sofie Gyllenhak)\n2004<\/p>\n\n\n\n<p>F\nCarmen bin Ladin: En gyllene bur, Bra B\u00f6cker, 2004<\/p>\n\n\n\n<p>F\nTusen \u00e5r i Europa, band 4, \u00f6vers\u00e4ttning av danska och engelska bidrag,\nHistoriska Media, 2004<\/p>\n\n\n\n<p>S Jules Hardy: Kameleonten, Minotaur, 2004<\/p>\n\n\n\n<p>S\nRobert Wilson: En liten d\u00f6d i Lissabon, Forum, 2004<\/p>\n\n\n\n<p>S\nGiles Blunt: En stilla storm, Bonniers, 2004<\/p>\n\n\n\n<p>S Olen Steinhauer: Suckarnas bro, Minotaur, 2004<\/p>\n\n\n\n<p>S Dennis Lehane: Gone, Baby Gone, Bonniers, 2004<\/p>\n\n\n\n<p>F\nAntony Beevor: Kreta, Historiska Media, 2004<\/p>\n\n\n\n<p>S\nDave Pelzer: Livets m\u00f6jligheter, Forum 2004<\/p>\n\n\n\n<p>F\nSimon Sebag Montefiore: Potemkin, biografi, Prisma, 2005<\/p>\n\n\n\n<p>S\nDennis Lehane: En drink f\u00f6re kriget, Bonniers, 2005<\/p>\n\n\n\n<p>U\nGillian Cross: Det svarta rummet, ungdomsroman (tillsammans med Ann-Sofie\nGyllenhak), Alfabeta 2005<\/p>\n\n\n\n<p>F\nMark Lynas: Ov\u00e4der, Ordfront, 2005<\/p>\n\n\n\n<p>F\nPatrick Marnham: Jean Moulin, biografi, CKM, 2005<\/p>\n\n\n\n<p>F\nFrederick Taylor: Dresden, Fahrenheit, 2005<\/p>\n\n\n\n<p>S\nOlen Steinhauser: Bek\u00e4nnelsen, Minotaour 2005<\/p>\n\n\n\n<p>S\nHari Kunzru: Leela.exe, Bonniers, 2005<\/p>\n\n\n\n<p>F\nAntony Beevor: Mysteriet Olga Tjechova, Historiska Media, 2005<\/p>\n\n\n\n<p>S\nSteve Berry; Den tredje hemligheten, Forum, 2005<\/p>\n\n\n\n<p>S\nGillian Cross: Den g\u00f6mda skogen, (\u00f6vers\u00e4ttning tillsammans med Ann-Sofie\nGyllenhak), Alfabeta, 2005<\/p>\n\n\n\n<p>S\nSara Paretsky: Svartlistad, Ordfront, 2006<\/p>\n\n\n\n<p>F\nJung Chang &amp; Jon Halliday: Mao: den sanna historien, Prisma, 2006<\/p>\n\n\n\n<p>S\nZadie Smith: Om sk\u00f6nhet, Bonniers, 2006<\/p>\n\n\n\n<p>F G\u00fcnther K Koschorrek: Frontschwein, CKM, 2006<\/p>\n\n\n\n<p>F\nJostein Berglyd: Operation Freshman, Leandoer &amp; Ekholm F\u00f6rlag, 2006 (fr\u00e5n\nnorska)<\/p>\n\n\n\n<p>S\nDennis Lehane: M\u00f6rker, ta min hand, Bonniers 2006<\/p>\n\n\n\n<p>S\nNuruddin Farah: L\u00e4nkar, Bonniers, 2006<\/p>\n\n\n\n<p>S\nAndr\u00e9 Brink: Innan jag gl\u00f6mmer, Forum, 2006<\/p>\n\n\n\n<p>S\nSteve Berry: Tempelriddarens arv, Forum 2007<\/p>\n\n\n\n<p>S\nGillian Cross: Mardr\u00f6msspelet, (\u00f6vers\u00e4ttning tillsammans med Ann-Sofie Gyllenhak),\nAlfabeta, 2007<\/p>\n\n\n\n<p>F\nFrederick Taylor: Berlinmuren, Forum, 2007<\/p>\n\n\n\n<p>S\nHans Frederik Follestad: De fyra och han som g\u00f6r allt v\u00e4rre, Bazar, 2007 (fr\u00e5n\nnorska)<\/p>\n\n\n\n<p>F\nOddbj\u00f8rn By: Memo, (\u00f6vers\u00e4ttning tillsammans med Ann-Sofie Gyllenhak). Bazar,\n2007 (fr\u00e5n norska)<\/p>\n\n\n\n<p>S\nDennis Lehane: Ingenting \u00e4r heligt, Bonniers, 2007<\/p>\n\n\n\n<p>F\nRodric Braithwaite: Moskva 1941. Historiska Media, 2007<\/p>\n\n\n\n<p>F\nIsabel de Madariaga: Ivan den f\u00f6rskr\u00e4cklige, Prisma 2008<\/p>\n\n\n\n<p>F\nAsbj\u00f8rn Jaklin: Nordfronten, Forum, 2008<\/p>\n\n\n\n<p>S\nDennis Lehane: Ett land i gryningen, Bonniers, 2008<\/p>\n\n\n\n<p>F\nTore Pryser: Kvinnor i hemlig underr\u00e4ttelsetj\u00e4nst, Natur och Kultur, 2008<\/p>\n\n\n\n<p>S\nReginald Hill: Fr\u00e4mlingars hus, Forum, 2008<\/p>\n\n\n\n<p>S Don Winslow: Hundarnas v\u00e5ld, Voltaire, 2008<\/p>\n\n\n\n<p>F\nCatrine Clay: Kungen, kejsaren och tsaren, Norstedts 2008<\/p>\n\n\n\n<p>S Cormac McCarthy: No Country for Old Men, Bonniers 2009<\/p>\n\n\n\n<p>S\nDavid Benioff: Tjuvarnas stad, Forum, 2009 <\/p>\n\n\n\n<p>S\nReginald Hill: D\u00f6den l\u00f6ser alla problem, Forum 2009<\/p>\n\n\n\n<p>F\nSimon Sebag Montefiore: 101 v\u00e4rldshj\u00e4ltar, Norstedts, 2009<\/p>\n\n\n\n<p>F\nThomas L. Friedman: Hett, platt och tr\u00e5ngt, Voltaire 2009<\/p>\n\n\n\n<p>F\nWilliam I. Hitchcock: Europas befrielse, Forum, 2009<\/p>\n\n\n\n<p>F Simon Reid-Henry: Fidel och Che, Norstedts, 2009<\/p>\n\n\n\n<p>S\nReginald Hill: D\u00f6dsm\u00e4ssa, Forum 2010<\/p>\n\n\n\n<p>S\nDennis Lehane: En m\u00f6rk v\u00e4lsignelse, Bonniers, 2010<\/p>\n\n\n\n<p>F\nAsbj\u00f8rn Jaklin: Isfront, Forum, 2010<\/p>\n\n\n\n<p>F\nBen Kiernan: Blod och jord,&nbsp; Voltaire\n2010<\/p>\n\n\n\n<p>S Don Winslow: Frankie Machine, Voltaire, 2010<\/p>\n\n\n\n<p>S Cormac McCarthy: Blodets meridian, Bonniers, 2010<\/p>\n\n\n\n<p>F\nGuy Walters: Jakten p\u00e5 ondskan, Forum, 2010<\/p>\n\n\n\n<p>S Don Winslow: Vildar, Voltaire, 2011<\/p>\n\n\n\n<p>S\nDavid Baldacci: Till varje pris, Bra B\u00f6cker, 2011<\/p>\n\n\n\n<p>S John Grisham, Bek\u00e4nnelsen, Bonniers, 2011<\/p>\n\n\n\n<p>S Reginald Hill, H\u00e4mnden, Forum, 2011<\/p>\n\n\n\n<p>F Simon Sebag Montefiore: Jerusalem, Norstedts 2011<\/p>\n\n\n\n<p>F\nLaura Hillenbrand: Obruten, Forma, 2012<\/p>\n\n\n\n<p>S\nTim Bowler: Blade, del 1-6, ungdomsb\u00f6cker, Forma, 2009-2011<\/p>\n\n\n\n<p>S&nbsp; Patrick Ness: Kaostrilogin (del 1-3),\n2009-2102<\/p>\n\n\n\n<p>F\nLesley-Ann Jones: Freddie Mercury, Norstedts 2012<\/p>\n\n\n\n<p>F\nAnna Reid: Blockada, Bel\u00e4gringen av Leningrad, Norstedts, 2012<\/p>\n\n\n\n<p>S\nKaren Walker Thompson: Miraklens tid, Norstedts 2012<\/p>\n\n\n\n<p>S\nTom Clancy: D\u00f6d eller levande, Bra B\u00f6cker, 2012<\/p>\n\n\n\n<p>F\nLars Mytting: Ved, Natur &amp; Kultur, 2012<\/p>\n\n\n\n<p>S\nIan Rankin: En om\u00f6jlig d\u00f6d, Forum 2012<\/p>\n\n\n\n<p>S\nReginald Hill: De d\u00f6das samtal, Forum 2012<\/p>\n\n\n\n<p>F\nAmando Padoan och Peter Zuckerman: Begravda i himlen, Forma, 2012<\/p>\n\n\n\n<p>F\nJoshua Slocum: Ensamseglare jorden runt, Norstedts, 2013 (\u00e4ven efterord)<\/p>\n\n\n\n<p>F\nChristoper Hibbert: Familjen Borgia, Norstedts, 2013<\/p>\n\n\n\n<p>S\nIan Rankin: En annan mans grav, Forum, 2013<\/p>\n\n\n\n<p>S Tom Clancy: R\u00f6tt hot, Bookmark, 2013<\/p>\n\n\n\n<p>S\nReginald Hill: D\u00f6dens bok, Forum, 2014<\/p>\n\n\n\n<p>F\nJung Chiang: Cixi, \u00e4nkekejsarinnan som moderniserade Kina, Norstedts, 2014<\/p>\n\n\n\n<p>S\nIan Rankin: Skuggbibeln, Forum, 2014<\/p>\n\n\n\n<p>S Harry Sidebottom: Roms krigare, Lind &amp; Co, 2015<\/p>\n\n\n\n<p>S\nMonica Kristensen: Kolbarnet, Leopard 2015<\/p>\n","protected":false},"excerpt":{"rendered":"<p>Jag slutade \u00f6vers\u00e4tta 2015 f\u00f6r att i st\u00e4llet \u00e4gna mig \u00e5t den byggnadsv\u00e5rdsbutik min hustru och jag startade 2008. Det ska oerh\u00f6rt mycket till f\u00f6r att jag skulle f\u00e5 f\u00f6r mig att \u00e4n en g\u00e5ng begrava mig i en text med avsikt att \u00f6vers\u00e4tta den till svenska. Men det \u00e4r kanske inte s\u00e5 konstigt, jag &hellip; <\/p>\n<p class=\"link-more\"><a href=\"https:\/\/ulfgyllenhak.se\/index.php\/oversattningar\/\" class=\"more-link\">Continue reading<span class=\"screen-reader-text\"> &#8220;\u00d6vers\u00e4ttningar&#8221;<\/span><\/a><\/p>\n","protected":false},"author":1,"featured_media":0,"parent":0,"menu_order":0,"comment_status":"closed","ping_status":"closed","template":"","meta":{"footnotes":""},"class_list":["post-30","page","type-page","status-publish","hentry"],"_links":{"self":[{"href":"https:\/\/ulfgyllenhak.se\/index.php\/wp-json\/wp\/v2\/pages\/30","targetHints":{"allow":["GET"]}}],"collection":[{"href":"https:\/\/ulfgyllenhak.se\/index.php\/wp-json\/wp\/v2\/pages"}],"about":[{"href":"https:\/\/ulfgyllenhak.se\/index.php\/wp-json\/wp\/v2\/types\/page"}],"author":[{"embeddable":true,"href":"https:\/\/ulfgyllenhak.se\/index.php\/wp-json\/wp\/v2\/users\/1"}],"replies":[{"embeddable":true,"href":"https:\/\/ulfgyllenhak.se\/index.php\/wp-json\/wp\/v2\/comments?post=30"}],"version-history":[{"count":7,"href":"https:\/\/ulfgyllenhak.se\/index.php\/wp-json\/wp\/v2\/pages\/30\/revisions"}],"predecessor-version":[{"id":82,"href":"https:\/\/ulfgyllenhak.se\/index.php\/wp-json\/wp\/v2\/pages\/30\/revisions\/82"}],"wp:attachment":[{"href":"https:\/\/ulfgyllenhak.se\/index.php\/wp-json\/wp\/v2\/media?parent=30"}],"curies":[{"name":"wp","href":"https:\/\/api.w.org\/{rel}","templated":true}]}}