{"id":24,"date":"2019-07-09T18:08:56","date_gmt":"2019-07-09T18:08:56","guid":{"rendered":"https:\/\/ulfgyllenhak.se\/?page_id=24"},"modified":"2021-05-13T18:09:37","modified_gmt":"2021-05-13T18:09:37","slug":"litterara-rattigheter","status":"publish","type":"page","link":"https:\/\/ulfgyllenhak.se\/index.php\/litterara-rattigheter\/","title":{"rendered":"Litter\u00e4ra r\u00e4ttigheter"},"content":{"rendered":"\n<p>Vid anv\u00e4ndande av n\u00e5gon av mina texter, s\u00e5v\u00e4l egna som\n\u00f6versatta, skriv till:<\/p>\n\n\n\n<p><a href=\"mailto:info@gyllenhak.se\">info@gyllenhak.se<\/a><\/p>\n\n\n\n<p>f\u00f6r vidare diskussion. <\/p>\n","protected":false},"excerpt":{"rendered":"<p>Vid anv\u00e4ndande av n\u00e5gon av mina texter, s\u00e5v\u00e4l egna som \u00f6versatta, skriv till: info@gyllenhak.se f\u00f6r vidare diskussion.<\/p>\n","protected":false},"author":1,"featured_media":0,"parent":0,"menu_order":0,"comment_status":"closed","ping_status":"closed","template":"","meta":{"footnotes":""},"class_list":["post-24","page","type-page","status-publish","hentry"],"_links":{"self":[{"href":"https:\/\/ulfgyllenhak.se\/index.php\/wp-json\/wp\/v2\/pages\/24","targetHints":{"allow":["GET"]}}],"collection":[{"href":"https:\/\/ulfgyllenhak.se\/index.php\/wp-json\/wp\/v2\/pages"}],"about":[{"href":"https:\/\/ulfgyllenhak.se\/index.php\/wp-json\/wp\/v2\/types\/page"}],"author":[{"embeddable":true,"href":"https:\/\/ulfgyllenhak.se\/index.php\/wp-json\/wp\/v2\/users\/1"}],"replies":[{"embeddable":true,"href":"https:\/\/ulfgyllenhak.se\/index.php\/wp-json\/wp\/v2\/comments?post=24"}],"version-history":[{"count":2,"href":"https:\/\/ulfgyllenhak.se\/index.php\/wp-json\/wp\/v2\/pages\/24\/revisions"}],"predecessor-version":[{"id":78,"href":"https:\/\/ulfgyllenhak.se\/index.php\/wp-json\/wp\/v2\/pages\/24\/revisions\/78"}],"wp:attachment":[{"href":"https:\/\/ulfgyllenhak.se\/index.php\/wp-json\/wp\/v2\/media?parent=24"}],"curies":[{"name":"wp","href":"https:\/\/api.w.org\/{rel}","templated":true}]}}